{"id":2486,"date":"2013-12-16T14:05:30","date_gmt":"2013-12-16T14:05:30","guid":{"rendered":"http:\/\/impreza.us-themes.net\/?page_id=2486"},"modified":"2013-12-16T14:05:30","modified_gmt":"2013-12-16T14:05:30","slug":"blog-small-image","status":"publish","type":"page","link":"https:\/\/www.humint.mx\/en\/blog-small-image\/","title":{"rendered":"Blog &#8211; Small Image"},"content":{"rendered":"<section class=\"l-section wpb_row height_medium\"><div class=\"l-section-h g-html i-cf\"><div class=\"g-cols offset_small\"><div class=\" full-width\"><div class=\"w-blog layout_smallcircle\"><div class=\"w-blog-list\">\r\n\r\n<div class=\"w-blog-post post-5102 post type-post status-publish format-standard hentry category-uncategorized\">\r\n\t<div class=\"w-blog-post-h\">\r\n\t\t<a class=\"w-blog-post-link\" href=\"https:\/\/www.humint.mx\/en\/feminicidios-el-delito-que-no-queremos-ver\/\">\r\n\t\t\t<span class=\"w-blog-post-preview\">\r\n\t\t\t\t\t\t\t\t<span class=\"w-blog-post-preview-icon\"><\/span>\r\n\t\t\t<\/span>\r\n\t\t\t<h2 class=\"w-blog-post-title\">\r\n\t\t\t\t<span class=\"entry-title\">(Espa\u00f1ol) Feminicidios: el delito que no queremos ver<\/span>\r\n\t\t\t<\/h2>\r\n\t\t<\/a>\r\n\t\t<div class=\"w-blog-post-body\">\r\n\t\t\t<div class=\"w-blog-post-meta\">\r\n\t\t\t\t<time class=\"w-blog-post-meta-date date updated\">Thursday March  5th, 2020<\/time><span class=\"w-blog-post-meta-category\"><a href=\"https:\/\/www.humint.mx\/en\/category\/uncategorized\/\" rel=\"category tag\">Uncategorized<\/a><\/span><span class=\"w-blog-post-meta-author vcard author hidden\"><span class=\"fn\">admin<\/span><\/span>\t\t\t<\/div>\r\n\t\t\t<div class=\"w-blog-post-content\">\r\n\t\t\t\t<p>Sorry, this entry is only available in European Spanish.<\/p>\n\t\t\t<\/div>\r\n\t\t<\/div>\r\n\t<\/div>\r\n<\/div>\r\n\r\n\r\n\r\n\r\n<div class=\"w-blog-post post-5094 post type-post status-publish format-standard has-post-thumbnail hentry category-uncategorized\">\r\n\t<div class=\"w-blog-post-h\">\r\n\t\t<a class=\"w-blog-post-link\" href=\"https:\/\/www.humint.mx\/en\/10-riesgos-politicos-para-mexico-en-2020\/\">\r\n\t\t\t<span class=\"w-blog-post-preview\">\r\n\t\t\t\t<img loading=\"lazy\" decoding=\"async\" width=\"350\" height=\"350\" src=\"https:\/\/www.humint.mx\/wp-content\/uploads\/2020\/01\/Image-1-350x350.jpg\" class=\"attachment-tnail-1x1-small size-tnail-1x1-small wp-post-image\" alt=\"\" srcset=\"https:\/\/www.humint.mx\/wp-content\/uploads\/2020\/01\/Image-1-350x350.jpg 350w, https:\/\/www.humint.mx\/wp-content\/uploads\/2020\/01\/Image-1-150x150.jpg 150w\" sizes=\"(max-width: 350px) 100vw, 350px\" \/>\t\t\t\t<span class=\"w-blog-post-preview-icon\"><\/span>\r\n\t\t\t<\/span>\r\n\t\t\t<h2 class=\"w-blog-post-title\">\r\n\t\t\t\t<span class=\"entry-title\">(Espa\u00f1ol) 10 Riesgos pol\u00edticos para M\u00e9xico en 2020<\/span>\r\n\t\t\t<\/h2>\r\n\t\t<\/a>\r\n\t\t<div class=\"w-blog-post-body\">\r\n\t\t\t<div class=\"w-blog-post-meta\">\r\n\t\t\t\t<time class=\"w-blog-post-meta-date date updated\">Tuesday January 28th, 2020<\/time><span class=\"w-blog-post-meta-category\"><a href=\"https:\/\/www.humint.mx\/en\/category\/uncategorized\/\" rel=\"category tag\">Uncategorized<\/a><\/span><span class=\"w-blog-post-meta-author vcard author hidden\"><span class=\"fn\">admin<\/span><\/span>\t\t\t<\/div>\r\n\t\t\t<div class=\"w-blog-post-content\">\r\n\t\t\t\t<p>Sorry, this entry is only available in European Spanish.<\/p>\n\t\t\t<\/div>\r\n\t\t<\/div>\r\n\t<\/div>\r\n<\/div>\r\n\r\n\r\n\r\n\r\n<div class=\"w-blog-post post-1 post type-post status-publish format-standard has-post-thumbnail hentry category-uncategorized\">\r\n\t<div class=\"w-blog-post-h\">\r\n\t\t<a class=\"w-blog-post-link\" href=\"https:\/\/www.humint.mx\/en\/10-riesgos-gobierno-federal-2019\/\">\r\n\t\t\t<span class=\"w-blog-post-preview\">\r\n\t\t\t\t<img loading=\"lazy\" decoding=\"async\" width=\"350\" height=\"350\" src=\"https:\/\/www.humint.mx\/wp-content\/uploads\/2017\/08\/Image-Humint-350x350.jpg\" class=\"attachment-tnail-1x1-small size-tnail-1x1-small wp-post-image\" alt=\"\" srcset=\"https:\/\/www.humint.mx\/wp-content\/uploads\/2017\/08\/Image-Humint-350x350.jpg 350w, https:\/\/www.humint.mx\/wp-content\/uploads\/2017\/08\/Image-Humint-150x150.jpg 150w, https:\/\/www.humint.mx\/wp-content\/uploads\/2017\/08\/Image-Humint-300x300.jpg 300w, https:\/\/www.humint.mx\/wp-content\/uploads\/2017\/08\/Image-Humint.jpg 600w\" sizes=\"(max-width: 350px) 100vw, 350px\" \/>\t\t\t\t<span class=\"w-blog-post-preview-icon\"><\/span>\r\n\t\t\t<\/span>\r\n\t\t\t<h2 class=\"w-blog-post-title\">\r\n\t\t\t\t<span class=\"entry-title\">Coming soon<\/span>\r\n\t\t\t<\/h2>\r\n\t\t<\/a>\r\n\t\t<div class=\"w-blog-post-body\">\r\n\t\t\t<div class=\"w-blog-post-meta\">\r\n\t\t\t\t<time class=\"w-blog-post-meta-date date updated\">Wednesday August 30th, 2017<\/time><span class=\"w-blog-post-meta-category\"><a href=\"https:\/\/www.humint.mx\/en\/category\/uncategorized\/\" rel=\"category tag\">Uncategorized<\/a><\/span><span class=\"w-blog-post-meta-author vcard author hidden\"><span class=\"fn\">admin<\/span><\/span>\t\t\t<\/div>\r\n\t\t\t<div class=\"w-blog-post-content\">\r\n\t\t\t\t<p>coming soon<\/p>\n\t\t\t<\/div>\r\n\t\t<\/div>\r\n\t<\/div>\r\n<\/div>\r\n\r\n\r\n<\/div><\/div><\/div><\/div><\/div><\/section>\n","protected":false},"excerpt":{"rendered":"coming soon","protected":false},"author":1,"featured_media":0,"parent":0,"menu_order":0,"comment_status":"open","ping_status":"closed","template":"","meta":{"footnotes":""},"_links":{"self":[{"href":"https:\/\/www.humint.mx\/en\/wp-json\/wp\/v2\/pages\/2486"}],"collection":[{"href":"https:\/\/www.humint.mx\/en\/wp-json\/wp\/v2\/pages"}],"about":[{"href":"https:\/\/www.humint.mx\/en\/wp-json\/wp\/v2\/types\/page"}],"author":[{"embeddable":true,"href":"https:\/\/www.humint.mx\/en\/wp-json\/wp\/v2\/users\/1"}],"replies":[{"embeddable":true,"href":"https:\/\/www.humint.mx\/en\/wp-json\/wp\/v2\/comments?post=2486"}],"version-history":[{"count":0,"href":"https:\/\/www.humint.mx\/en\/wp-json\/wp\/v2\/pages\/2486\/revisions"}],"wp:attachment":[{"href":"https:\/\/www.humint.mx\/en\/wp-json\/wp\/v2\/media?parent=2486"}],"curies":[{"name":"wp","href":"https:\/\/api.w.org\/{rel}","templated":true}]}}